{"id":464,"date":"2021-07-17T07:37:41","date_gmt":"2021-07-17T07:37:41","guid":{"rendered":"https:\/\/www.carmenbodyrolling.com\/?page_id=464"},"modified":"2021-07-17T07:38:27","modified_gmt":"2021-07-17T07:38:27","slug":"avisolegal","status":"publish","type":"page","link":"https:\/\/www.carmenbodyrolling.com\/index.php\/avisolegal\/","title":{"rendered":"Aviso legal"},"content":{"rendered":"<p>[et_pb_section fb_built=\u00bb1&#8243; _builder_version=\u00bb4.9.9&#8243; _module_preset=\u00bbdefault\u00bb][et_pb_row _builder_version=\u00bb4.9.9&#8243; _module_preset=\u00bbdefault\u00bb custom_margin=\u00bb-21px|auto||auto||\u00bb][et_pb_column _builder_version=\u00bb4.9.9&#8243; _module_preset=\u00bbdefault\u00bb type=\u00bb4_4&#8243;][et_pb_text _builder_version=\u00bb4.9.9&#8243; _module_preset=\u00bbdefault\u00bb hover_enabled=\u00bb0&#8243; sticky_enabled=\u00bb0&#8243;]<\/p>\n<h1>Aviso legal<\/h1>\n<p>&nbsp;<\/p>\n<p>Condiciones generales de uso del sitio web\u00a0<a href=\"https:\/\/mylovelypulpo.com\/\">carmenbodyrolling.com<\/a><\/p>\n<p>1.- Introducci\u00f3n.<br \/>El presente documento tiene como finalidad el establecer y regular las normas de uso del Sitio carmenbodyrolling.com (en adelante el \u201cSitio\u201d), entendiendo por Sitio todas las p\u00e1ginas y sus contenidos propiedad de Carmen L\u00f3pez Reglero, a las cuales se accede a trav\u00e9s del dominio carmenbodyrolling.com y sus subdominios.<\/p>\n<p>La utilizaci\u00f3n del Sitio atribuye la condici\u00f3n de Usuario del mismo e implica la aceptaci\u00f3n de todas las condiciones incluidas en el presente Aviso Legal. El Usuario se compromete a leer atentamente el presente Aviso Legal en cada una de las ocasiones en que se proponga utilizar el Sitio, ya que \u00e9ste y sus condiciones de uso recogidas en el presente Aviso Legal pueden sufrir modificaciones.<\/p>\n<p>2.- Titularidad del Sitio Web.<br \/>El titular del presente Sitio es Carmen L\u00f3pez Reglero con domicilio\u00a0C\/ Nogal, 12, 3\u00ba D, 47004 Valladolid., y con NIF: 09315539X.<\/p>\n<p>Ud. puede ponerse en contacto con nosotros en el siguiente n\u00famero de tel\u00e9fono o e-mail: Tfno: +34 639 640 979\u200b\u2060\u200b e-mail:\u00a0bodyrollingcarmen@icloud.com<\/p>\n<p>3.- Propiedad intelectual e industrial.<br \/>Los derechos de propiedad intelectual de este sitio, son titularidad de Carmen L\u00f3pez Reglero o de terceros de los que dispone autorizaci\u00f3n cuando sea necesaria.<\/p>\n<p>La reproducci\u00f3n, distribuci\u00f3n, comercializaci\u00f3n o transformaci\u00f3n, total o parcial, no autorizadas del contenido del Sitio, constituye una infracci\u00f3n de los derechos de propiedad intelectual de Carmen L\u00f3pez Reglero. Igualmente, todas las marcas o signos distintivos de cualquier clase contenidos en el Sitio est\u00e1n protegidos por Ley.<\/p>\n<p>La utilizaci\u00f3n no autorizada de la informaci\u00f3n contenida en este Sitio, as\u00ed como los perjuicios ocasionados en los derechos de propiedad intelectual e industrial de Carmen L\u00f3pez Reglero, pueden dar lugar al ejercicio de las acciones que legalmente correspondan y, si procede, a las responsabilidades que de dicho ejercicio se deriven.<\/p>\n<p>4.- Exclusi\u00f3n de responsabilidad.<br \/>El contenido, programas, informaci\u00f3n y\/o consejos expresados en este Sitio deben entenderse como simplemente orientativos. Carmen L\u00f3pez Reglero no responde de ninguna forma de la efectividad o exactitud de los mismos, quedando exento de cualquier responsabilidad contractual o extracontractual con los Usuarios que haga uso de ellos, ya que son \u00e9stas las que deber\u00e1n decidir seg\u00fan su criterio la oportunidad de los mismos.<\/p>\n<p>En este Sitio se pueden publicar contenidos aportados por terceras personas o empresas, Carmen L\u00f3pez Reglero no responde de la veracidad y exactitud de los mismos, quedando exenta de cualquier responsabilidad contractual o extracontractual con los Usuarios que hagan uso de ellos.<\/p>\n<p>Carmen L\u00f3pez Reglero se reserva el derecho de modificar el contenido del Sitio sin previo aviso y sin ning\u00fan tipo de limitaci\u00f3n.<\/p>\n<p>Asimismo, declina cualquier responsabilidad por los eventuales da\u00f1os y perjuicios que puedan ocasionarse por la falta de disponibilidad y\/o continuidad de este Sitio y de los servicios que se ofrecen en \u00e9l.<\/p>\n<p>Carmen L\u00f3pez Reglero no garantiza la ausencia de virus ni de otros elementos en la web que puedan producir alteraciones en su sistema inform\u00e1tico. Carmen L\u00f3pez Reglero declina cualquier responsabilidad contractual o extracontractual con los Usuarios que hagan uso de ello y tuviera perjuicios de cualquier naturaleza ocasionados por virus inform\u00e1ticos o por elementos inform\u00e1ticos de cualquier \u00edndole.<\/p>\n<p>Carmen L\u00f3pez Reglero declina cualquier responsabilidad por los servicios que eventualmente pudieran prestarse en el Sitio por parte de terceros.<\/p>\n<p>Carmen L\u00f3pez Reglero declina cualquier responsabilidad por los servicios y\/o informaci\u00f3n que se preste en otros Sitios enlazados con este. Carmen L\u00f3pez Reglero no controla ni ejerce ning\u00fan tipo de supervisi\u00f3n en Sitios Webs de terceros. Aconsejamos a los Usuarios de los mismos a actuar con prudencia y consultar las eventuales condiciones legales que se expongan en dichas webs.<\/p>\n<p>Los Usuarios que remitan cualquier tipo de informaci\u00f3n a Carmen L\u00f3pez Reglero se comprometen a que la misma sea veraz y que no vulnere cualquier derecho de terceros ni la legalidad vigente.<\/p>\n<p>5.- Condiciones de uso del portal para los usuarios.<br \/>El acceso al presente Sitio es gratuito salvo en lo relativo al coste de la conexi\u00f3n a trav\u00e9s de la red de telecomunicaciones suministrada por el proveedor de acceso contratado por los usuarios.<\/p>\n<p>Queda expresamente prohibido el uso del Sitio con fines lesivos de bienes o intereses de Carmen L\u00f3pez Reglero o de terceros o que de cualquier otra forma sobrecarguen, da\u00f1en o inutilicen las redes, servidores y dem\u00e1s equipos inform\u00e1ticos (hardware) o productos y aplicaciones inform\u00e1ticas (software) de Carmen L\u00f3pez Reglero o de terceros.<\/p>\n<p>En el caso de que el Usuario tuviera conocimiento de que los Sitios enlazados remiten a p\u00e1ginas cuyos contenidos o servicios son il\u00edcitos, nocivos, denigrantes, violentos o contrarios a la moral le agradecer\u00edamos que se pusiera en contacto con Carmen L\u00f3pez Reglero.<\/p>\n<p>6.- Pol\u00edtica de protecci\u00f3n de datos personales.<\/p>\n<p>En cumplimiento de la Ley Org\u00e1nica 15\/1999, de 13 de Diciembre, de Protecci\u00f3n de Datos de Car\u00e1cter Personal, Carmen L\u00f3pez Reglero comunica a los usuarios del Sitio Web carmenbodyrolling.com que los datos facilitados a trav\u00e9s de nuestra p\u00e1gina web mediante los correspondientes formularios y los e-mails recibidos, y que tienen la consideraci\u00f3n de datos de car\u00e1cter personal, ser\u00e1n incorporados a nuestros ficheros, con la finalidad de poder gestionar el servicio solicitado, contestar a su solicitud y\/o tramitar su petici\u00f3n.<\/p>\n<p>Dichos ficheros se encuentran inscritos en la Agencia Espa\u00f1ola de Protecci\u00f3n de Datos conforme a la legislaci\u00f3n vigente y normativa de desarrollo.<\/p>\n<p>Los usuarios garantizan y responden, en cualquier caso, que los datos personales sean veraces, exactos, vigentes, aut\u00e9nticos, pertinentes y no excesivos; y se comprometen a mantenerlos debidamente actualizados.<\/p>\n<p>En aquellos casos donde para realizar una solicitud sea necesario cumplimentar un formulario y hacer un \u201cclick\u201d en el bot\u00f3n de enviar, la realizaci\u00f3n del mismo implicar\u00e1 necesariamente que ha sido informado y ha otorgado expresamente su consentimiento al contenido de la cl\u00e1usula anexada a dicho formulario o aceptaci\u00f3n de la pol\u00edtica de privacidad.<\/p>\n<p>6.1.- Datos facilitados por terceros: En caso de que en la solicitud se incluyeran datos de car\u00e1cter personal, por personas no titulares de los mismos, el usuario deber\u00e1, con car\u00e1cter previo a su inclusi\u00f3n, informar a dichas personas de los extremos contenidos en los p\u00e1rrafos anteriores. Carmen L\u00f3pez Reglero se exime de cualquier responsabilidad por el incumplimiento de \u00e9ste requisito.<\/p>\n<p>6.2.- Datos de menores: No est\u00e1 autorizado facilitar datos de personas menores de catorce a\u00f1os de edad a trav\u00e9s de este Sitio Web. Carmen L\u00f3pez Reglero se exime de cualquier responsabilidad por el incumplimiento de este requisito.<\/p>\n<p>6.3.- Comunicaciones comerciales por medios electr\u00f3nicos: Las comunicaciones que se realicen por correo electr\u00f3nico o por cualquier otro medio electr\u00f3nico, ser\u00e1n las necesarias para gestionar su solicitud.<br \/>No obstante, ser\u00e1n aquellas que hayan sido consentidas o autorizadas expresamente por los destinatarios de conformidad con la Ley 34\/2002, de 11 de julio, de Servicios de la Sociedad de la Informaci\u00f3n y de Comercio Electr\u00f3nico.<\/p>\n<p>6.4.- Medidas de seguridad: El responsable del fichero ha adoptado los niveles de seguridad de protecci\u00f3n de los Datos Personales legalmente requeridos, y ha instalado todos los medios y medidas t\u00e9cnicas a disposici\u00f3n seg\u00fan el estado de la tecnolog\u00eda para evitar la p\u00e9rdida, mal uso, alteraci\u00f3n, acceso no autorizado y robo de los Datos Personales facilitados.<\/p>\n<p>6.5.- Deber de secreto: El usuario cuenta con la confidencialidad y el deber de secreto de todos aquellos que traten los datos en nombre y por cuenta del mismo. Sin perjuicio de lo anterior, el usuario es consciente de la posibilidad de que la seguridad de las comunicaciones a trav\u00e9s de red no sea invulnerable.<\/p>\n<p>6.6.- Derechos de los afectados: El usuario podr\u00e1 ejercer los derechos de acceso, rectificaci\u00f3n, cancelaci\u00f3n y oposici\u00f3n de los datos personales seg\u00fan lo dispuesto en la Ley Org\u00e1nica de Protecci\u00f3n de Datos de Car\u00e1cter Personal (L.O. 15\/1999) y el RD. 1720\/2007, dirigiendo un escrito, adjuntando copia de su DNI o Pasaporte, a la siguiente direcci\u00f3n: C\/ Nogal, 12, 3\u00ba D, 47004 Valladolid..<\/p>\n<p>7.- Cookies. (M\u00e1s info sobre las cookies) (Pol\u00edtica de cookies)<br \/>Las cookies sirven para mejorar el funcionamiento de la web. El Art. 4 del Real Decreto-Ley 13\/2012, de 30 de Marzo, modifica la Ley 34\/2002, de 11 de julio, de servicios de la sociedad de la informaci\u00f3n y de comercio electr\u00f3nico, estableciendo como requisito la obtenci\u00f3n del consentimiento informado antes de que se almacene o se acceda a la informaci\u00f3n del terminal del usuario en ciertos supuestos.<\/p>\n<p>Si usamos otro tipo de cookies que no sean las necesarias, podr\u00e1 consultar la pol\u00edtica de cookies en el enlace correspondiente desde el inicio de la web.<\/p>\n<p>8.- Redes sociales.<br \/>Al hacerte fan, seguidor o an\u00e1logos de esta empresa en la vertiente de las distintas redes sociales, en el contexto de este tratamiento debes tener en cuenta que Carmen L\u00f3pez Reglero \u00fanicamente puede consultar o dar de baja tus datos de forma restringida al tener un perfil espec\u00edfico. Cualquier rectificaci\u00f3n de tus datos o restricci\u00f3n de informaci\u00f3n o de publicaciones debes realizarla a trav\u00e9s de la configuraci\u00f3n de tu perfil o usuario en la propia red social. Por defecto consientes:<\/p>\n<ol>\n<li>a) El tratamiento de tus datos personales en el entorno de dicha red social y conforme a sus pol\u00edticas de Privacidad:<br \/>Facebook http:\/\/www.facebook.com\/policy.php?ref=pf<br \/>Twitter http:\/\/twitter.com\/privacy<br \/>Linkedin http:\/\/www.linkedin.com\/legal\/privacy-policy?trk=hb_ft_priv<br \/>Pinterest https:\/\/about.pinterest.com\/es\/privacy-policy<br \/>Google* http:\/\/www.google.com\/intl\/es\/policies\/privacy\/<br \/>*(Google+ y Youtube)<br \/>b) El acceso de Carmen L\u00f3pez Reglero a los datos contenidos en tu perfil o biograf\u00eda, dependiendo de la configuraci\u00f3n que tengas de tu privacidad en cada red, estos ser\u00e1n m\u00e1s o menos amplios.<br \/>c) A que las noticias publicadas sobre nuestros eventos, o nuestros comentarios pueda aparecer en tu muro o biograf\u00eda.<br \/>d) A recibir comunicaciones sobre nuestros productos\/eventos.<\/li>\n<\/ol>\n<p>Si quieres dejar de seguirnos, s\u00f3lo tienes que pinchar la opci\u00f3n \u201cDejar de ser fan\u201d o \u201cdejar de seguir\u201d. Puedes ejercer los derechos de acceso, rectificaci\u00f3n, cancelaci\u00f3n y oposici\u00f3n en cualquier momento, mediante escrito, dirigido a la direcci\u00f3n que aparece arriba o enviando un e-mail a\u00a0bodyrollingcarmen@icloud.com<\/p>\n<p>9.- Legislaci\u00f3n.<br \/>El presente Aviso Legal se rige en todos y cada uno de sus extremos por la legislaci\u00f3n espa\u00f1ola y dem\u00e1s normas internacionales que resulten aplicables.<\/p>\n<p>10.- Contacte con nosotros.<br \/>Si tiene Ud. cualquier pregunta sobre las condiciones reflejadas en este Aviso Legal, o si le gustar\u00eda hacer cualquier sugerencia o recomendaci\u00f3n, por favor dir\u00edjase a nosotros a trav\u00e9s de la siguiente direcci\u00f3n de correo electr\u00f3nico:\u00a0bodyrollingcarmen@icloud.com<\/p>\n<h1>Pol\u00edtica de Privacidad<\/h1>\n<p>A trav\u00e9s de este sitio web no se recaban datos de car\u00e1cter personal de los usuarios sin su conocimiento, ni se ceden a terceros. \u00danicamente se utilizan cookies propias, de sesi\u00f3n, con finalidad t\u00e9cnica (aquellas que permiten al usuario la navegaci\u00f3n a trav\u00e9s del sitio web y la utilizaci\u00f3n de las diferentes opciones y servicios que en ella existen).<\/p>\n<p>El portal del que es titular Carmen L\u00f3pez Reglero contiene enlaces a sitios web de terceros, cuyas pol\u00edticas de privacidad son ajenas a las de\u00a0Yamuna Body Rolling Valladolid. Al acceder a tales sitios web usted puede decidir si acepta sus pol\u00edticas de privacidad y de cookies. Con car\u00e1cter general, si navega por internet usted puede aceptar o rechazar las cookies de terceros desde las opciones de configuraci\u00f3n de su navegador.Informaci\u00f3n b\u00e1sica sobre protecci\u00f3n de datos.<\/p>\n<p>A continuaci\u00f3n le informamos sobre la pol\u00edtica de protecci\u00f3n de datos de la Agencia Espa\u00f1ola de Protecci\u00f3n de Datos.<\/p>\n<p>Responsable del tratamiento.\u00a0Los datos de car\u00e1cter personal que se pudieran recabar directamente del interesado ser\u00e1n tratados de forma confidencial y quedar\u00e1n incorporados a la correspondiente actividad de tratamiento titularidad de Yamuna Body Rolling Valladolid.<\/p>\n<p>La finalidad del tratamiento de los datos corresponde a poder gestionar el servicio solicitado, contestar a su solicitud y\/o tramitar su petici\u00f3n. Los datos facilitados estar\u00e1n ubicados en los servidores de Sered Hosting S.L. (proveedor de Yamuna Body Rolling Valladolid) dentro de la UE.<\/p>\n<p>Legitimaci\u00f3n.\u00a0La legitimaci\u00f3n se realiza a trav\u00e9s del consentimiento marcado en el formulario web.<\/p>\n<p>Conservaci\u00f3n de datos.\u00a0Los datos personales proporcionados se conservar\u00e1n durante el tiempo necesario para cumplir con la finalidad para la que se recaban y para determinar las posibles responsabilidades que se pudieran derivar de la finalidad, adem\u00e1s de los per\u00edodos establecidos en la normativa de archivos y documentaci\u00f3n.<\/p>\n<p>Comunicaci\u00f3n de datos.\u00a0Con car\u00e1cter general no se comunicar\u00e1n los datos personales a terceros, salvo obligaci\u00f3n legal, entre las que pueden estar las comunicaciones al Defensor del Pueblo, Jueces y Tribunales, interesados en los procedimientos relacionados con la reclamaciones presentadas.<\/p>\n<p>Derechos de los interesados.\u00a0Cualquier persona tiene derecho a obtener confirmaci\u00f3n sobre los tratamientos que de sus datos que se llevan a cabo por Yamuna Body Rolling Valladolid.<\/p>\n<p>Puede ejercer sus derechos de acceso, rectificaci\u00f3n, supresi\u00f3n y portabilidad de sus datos, de limitaci\u00f3n y oposici\u00f3n a su tratamiento, as\u00ed como a no ser objeto de decisiones basadas \u00fanicamente en el tratamiento automatizado de sus datos, cuando procedan en la siguiente direcci\u00f3n: C\/ Nogal, 12, 3\u00ba D \u2013 47004 Valladolid o en la direcci\u00f3n de correo electr\u00f3nico\u00a0bodyrollingcarmen@icloud.com.<\/p>\n<p>[\/et_pb_text][\/et_pb_column][\/et_pb_row][\/et_pb_section]<\/p>\n","protected":false},"excerpt":{"rendered":"<p>Aviso legal &nbsp; Condiciones generales de uso del sitio web\u00a0carmenbodyrolling.com 1.- Introducci\u00f3n.El presente documento tiene como finalidad el establecer y regular las normas de uso del Sitio carmenbodyrolling.com (en adelante el \u201cSitio\u201d), entendiendo por Sitio todas las p\u00e1ginas y sus contenidos propiedad de Carmen L\u00f3pez Reglero, a las cuales se accede a trav\u00e9s del dominio [&hellip;]<\/p>\n","protected":false},"author":1,"featured_media":0,"parent":0,"menu_order":0,"comment_status":"closed","ping_status":"closed","template":"","meta":{"_et_pb_use_builder":"on","_et_pb_old_content":"","_et_gb_content_width":"","footnotes":""},"class_list":["post-464","page","type-page","status-publish","hentry"],"aioseo_notices":[],"_links":{"self":[{"href":"https:\/\/www.carmenbodyrolling.com\/index.php\/wp-json\/wp\/v2\/pages\/464","targetHints":{"allow":["GET"]}}],"collection":[{"href":"https:\/\/www.carmenbodyrolling.com\/index.php\/wp-json\/wp\/v2\/pages"}],"about":[{"href":"https:\/\/www.carmenbodyrolling.com\/index.php\/wp-json\/wp\/v2\/types\/page"}],"author":[{"embeddable":true,"href":"https:\/\/www.carmenbodyrolling.com\/index.php\/wp-json\/wp\/v2\/users\/1"}],"replies":[{"embeddable":true,"href":"https:\/\/www.carmenbodyrolling.com\/index.php\/wp-json\/wp\/v2\/comments?post=464"}],"version-history":[{"count":2,"href":"https:\/\/www.carmenbodyrolling.com\/index.php\/wp-json\/wp\/v2\/pages\/464\/revisions"}],"predecessor-version":[{"id":467,"href":"https:\/\/www.carmenbodyrolling.com\/index.php\/wp-json\/wp\/v2\/pages\/464\/revisions\/467"}],"wp:attachment":[{"href":"https:\/\/www.carmenbodyrolling.com\/index.php\/wp-json\/wp\/v2\/media?parent=464"}],"curies":[{"name":"wp","href":"https:\/\/api.w.org\/{rel}","templated":true}]}}